{"id":83,"date":"2014-07-28T08:11:38","date_gmt":"2014-07-28T05:11:38","guid":{"rendered":"https:\/\/kaosaar.ee\/?page_id=83"},"modified":"2025-07-21T10:48:11","modified_gmt":"2025-07-21T07:48:11","slug":"patent-attorneys","status":"publish","type":"page","link":"https:\/\/kaosaar.ee\/en\/patent-attorneys\/","title":{"rendered":"About us"},"content":{"rendered":"<p data-start=\"52\" data-end=\"348\"><strong data-start=\"52\" data-end=\"80\">K\u00c4OSAAR<\/strong>\u00a0advises clients in all areas of intellectual property in Estonia, the European Union, and internationally. Our team has in-depth knowledge and years of experience in industrial property and legal protection, enabling us to offer fast, precise, and reliable solutions.<\/p>\n<p data-start=\"350\" data-end=\"694\">Our work is characterized by professionalism, clear communication, adherence to deadlines, and high ethical standards. We value honesty and transparency in both client relations and internal processes. Every client and situation is unique to us. We always provide tailored and well-considered solutions that support the client\u2019s business goals.<\/p>\n<p data-start=\"696\" data-end=\"958\">We are solution-oriented rather than problem-focused \u2013 always seeking ways to protect the client\u2019s interests creatively, practically, and effectively. Our goal is to help prevent legal risks and ensure a strong, competitive position for the client in the market.<\/p>\n","protected":false},"excerpt":{"rendered":"<p>K\u00c4OSAAR\u00a0advises clients in all areas of intellectual property in Estonia, the European Union, and internationally. Our team has in-depth knowledge and years of experience in industrial property and legal protection, enabling us to offer fast, precise, and reliable solutions. Our work is characterized by professionalism, clear communication, adherence to deadlines, and high ethical standards. We&#8230;<\/p>\n","protected":false},"author":1,"featured_media":0,"parent":0,"menu_order":0,"comment_status":"open","ping_status":"open","template":"custom-templates\/meist.php","meta":{"_acf_changed":false,"_monsterinsights_skip_tracking":false,"_monsterinsights_sitenote_active":false,"_monsterinsights_sitenote_note":"","_monsterinsights_sitenote_category":0,"_uf_show_specific_survey":0,"_uf_disable_surveys":false,"footnotes":"","_links_to":"","_links_to_target":""},"acf":[],"yoast_head":"<!-- This site is optimized with the Yoast SEO plugin v22.5 - https:\/\/yoast.com\/wordpress\/plugins\/seo\/ -->\n<title>About us - Patendib\u00fcroo K\u00c4OSAAR<\/title>\n<meta name=\"robots\" content=\"index, follow, max-snippet:-1, max-image-preview:large, max-video-preview:-1\" \/>\n<link rel=\"canonical\" href=\"https:\/\/kaosaar.ee\/en\/patent-attorneys\/\" \/>\n<meta property=\"og:locale\" content=\"en_US\" \/>\n<meta property=\"og:type\" content=\"article\" \/>\n<meta property=\"og:title\" content=\"About us - Patendib\u00fcroo K\u00c4OSAAR\" \/>\n<meta property=\"og:description\" content=\"K\u00c4OSAAR\u00a0advises clients in all areas of intellectual property in Estonia, the European Union, and internationally. Our team has in-depth knowledge and years of experience in industrial property and legal protection, enabling us to offer fast, precise, and reliable solutions. Our work is characterized by professionalism, clear communication, adherence to deadlines, and high ethical standards. We...\" \/>\n<meta property=\"og:url\" content=\"https:\/\/kaosaar.ee\/en\/patent-attorneys\/\" \/>\n<meta property=\"og:site_name\" content=\"Patendib\u00fcroo K\u00c4OSAAR\" \/>\n<meta property=\"article:publisher\" content=\"https:\/\/www.facebook.com\/patentagencykaosaar\/?locale=et_EE\" \/>\n<meta property=\"article:modified_time\" content=\"2025-07-21T07:48:11+00:00\" \/>\n<meta name=\"twitter:label1\" content=\"Est. reading time\" \/>\n\t<meta name=\"twitter:data1\" content=\"1 minute\" \/>\n<script type=\"application\/ld+json\" class=\"yoast-schema-graph\">{\"@context\":\"https:\/\/schema.org\",\"@graph\":[{\"@type\":\"WebPage\",\"@id\":\"https:\/\/kaosaar.ee\/en\/patent-attorneys\/\",\"url\":\"https:\/\/kaosaar.ee\/en\/patent-attorneys\/\",\"name\":\"About us - Patendib\u00fcroo K\u00c4OSAAR\",\"isPartOf\":{\"@id\":\"https:\/\/kaosaar.ee\/en\/#website\"},\"datePublished\":\"2014-07-28T05:11:38+00:00\",\"dateModified\":\"2025-07-21T07:48:11+00:00\",\"breadcrumb\":{\"@id\":\"https:\/\/kaosaar.ee\/en\/patent-attorneys\/#breadcrumb\"},\"inLanguage\":\"en-US\",\"potentialAction\":[{\"@type\":\"ReadAction\",\"target\":[\"https:\/\/kaosaar.ee\/en\/patent-attorneys\/\"]}]},{\"@type\":\"BreadcrumbList\",\"@id\":\"https:\/\/kaosaar.ee\/en\/patent-attorneys\/#breadcrumb\",\"itemListElement\":[{\"@type\":\"ListItem\",\"position\":1,\"name\":\"Home\",\"item\":\"https:\/\/kaosaar.ee\/en\/\"},{\"@type\":\"ListItem\",\"position\":2,\"name\":\"About us\"}]},{\"@type\":\"WebSite\",\"@id\":\"https:\/\/kaosaar.ee\/en\/#website\",\"url\":\"https:\/\/kaosaar.ee\/en\/\",\"name\":\"Patendib\u00fcroo K\u00c4OSAAR\",\"description\":\"\",\"publisher\":{\"@id\":\"https:\/\/kaosaar.ee\/en\/#organization\"},\"potentialAction\":[{\"@type\":\"SearchAction\",\"target\":{\"@type\":\"EntryPoint\",\"urlTemplate\":\"https:\/\/kaosaar.ee\/en\/?s={search_term_string}\"},\"query-input\":\"required name=search_term_string\"}],\"inLanguage\":\"en-US\"},{\"@type\":\"Organization\",\"@id\":\"https:\/\/kaosaar.ee\/en\/#organization\",\"name\":\"Patendib\u00fcroo K\u00c4OSAAR\",\"url\":\"https:\/\/kaosaar.ee\/en\/\",\"logo\":{\"@type\":\"ImageObject\",\"inLanguage\":\"en-US\",\"@id\":\"https:\/\/kaosaar.ee\/en\/#\/schema\/logo\/image\/\",\"url\":\"https:\/\/kaosaar.com\/static\/kaosaar_logo_200x200-15.jpg\",\"contentUrl\":\"https:\/\/kaosaar.com\/static\/kaosaar_logo_200x200-15.jpg\",\"width\":200,\"height\":200,\"caption\":\"Patendib\u00fcroo K\u00c4OSAAR\"},\"image\":{\"@id\":\"https:\/\/kaosaar.ee\/en\/#\/schema\/logo\/image\/\"},\"sameAs\":[\"https:\/\/www.facebook.com\/patentagencykaosaar\/?locale=et_EE\",\"https:\/\/www.linkedin.com\/company\/patent-agency-kaosaar?originalSubdomain=ee\"]}]}<\/script>\n<!-- \/ Yoast SEO plugin. -->","yoast_head_json":{"title":"About us - Patendib\u00fcroo K\u00c4OSAAR","robots":{"index":"index","follow":"follow","max-snippet":"max-snippet:-1","max-image-preview":"max-image-preview:large","max-video-preview":"max-video-preview:-1"},"canonical":"https:\/\/kaosaar.ee\/en\/patent-attorneys\/","og_locale":"en_US","og_type":"article","og_title":"About us - Patendib\u00fcroo K\u00c4OSAAR","og_description":"K\u00c4OSAAR\u00a0advises clients in all areas of intellectual property in Estonia, the European Union, and internationally. Our team has in-depth knowledge and years of experience in industrial property and legal protection, enabling us to offer fast, precise, and reliable solutions. Our work is characterized by professionalism, clear communication, adherence to deadlines, and high ethical standards. We...","og_url":"https:\/\/kaosaar.ee\/en\/patent-attorneys\/","og_site_name":"Patendib\u00fcroo K\u00c4OSAAR","article_publisher":"https:\/\/www.facebook.com\/patentagencykaosaar\/?locale=et_EE","article_modified_time":"2025-07-21T07:48:11+00:00","twitter_misc":{"Est. reading time":"1 minute"},"schema":{"@context":"https:\/\/schema.org","@graph":[{"@type":"WebPage","@id":"https:\/\/kaosaar.ee\/en\/patent-attorneys\/","url":"https:\/\/kaosaar.ee\/en\/patent-attorneys\/","name":"About us - Patendib\u00fcroo K\u00c4OSAAR","isPartOf":{"@id":"https:\/\/kaosaar.ee\/en\/#website"},"datePublished":"2014-07-28T05:11:38+00:00","dateModified":"2025-07-21T07:48:11+00:00","breadcrumb":{"@id":"https:\/\/kaosaar.ee\/en\/patent-attorneys\/#breadcrumb"},"inLanguage":"en-US","potentialAction":[{"@type":"ReadAction","target":["https:\/\/kaosaar.ee\/en\/patent-attorneys\/"]}]},{"@type":"BreadcrumbList","@id":"https:\/\/kaosaar.ee\/en\/patent-attorneys\/#breadcrumb","itemListElement":[{"@type":"ListItem","position":1,"name":"Home","item":"https:\/\/kaosaar.ee\/en\/"},{"@type":"ListItem","position":2,"name":"About us"}]},{"@type":"WebSite","@id":"https:\/\/kaosaar.ee\/en\/#website","url":"https:\/\/kaosaar.ee\/en\/","name":"Patendib\u00fcroo K\u00c4OSAAR","description":"","publisher":{"@id":"https:\/\/kaosaar.ee\/en\/#organization"},"potentialAction":[{"@type":"SearchAction","target":{"@type":"EntryPoint","urlTemplate":"https:\/\/kaosaar.ee\/en\/?s={search_term_string}"},"query-input":"required name=search_term_string"}],"inLanguage":"en-US"},{"@type":"Organization","@id":"https:\/\/kaosaar.ee\/en\/#organization","name":"Patendib\u00fcroo K\u00c4OSAAR","url":"https:\/\/kaosaar.ee\/en\/","logo":{"@type":"ImageObject","inLanguage":"en-US","@id":"https:\/\/kaosaar.ee\/en\/#\/schema\/logo\/image\/","url":"https:\/\/kaosaar.com\/static\/kaosaar_logo_200x200-15.jpg","contentUrl":"https:\/\/kaosaar.com\/static\/kaosaar_logo_200x200-15.jpg","width":200,"height":200,"caption":"Patendib\u00fcroo K\u00c4OSAAR"},"image":{"@id":"https:\/\/kaosaar.ee\/en\/#\/schema\/logo\/image\/"},"sameAs":["https:\/\/www.facebook.com\/patentagencykaosaar\/?locale=et_EE","https:\/\/www.linkedin.com\/company\/patent-agency-kaosaar?originalSubdomain=ee"]}]}},"_links":{"self":[{"href":"https:\/\/kaosaar.ee\/en\/wp-json\/wp\/v2\/pages\/83"}],"collection":[{"href":"https:\/\/kaosaar.ee\/en\/wp-json\/wp\/v2\/pages"}],"about":[{"href":"https:\/\/kaosaar.ee\/en\/wp-json\/wp\/v2\/types\/page"}],"author":[{"embeddable":true,"href":"https:\/\/kaosaar.ee\/en\/wp-json\/wp\/v2\/users\/1"}],"replies":[{"embeddable":true,"href":"https:\/\/kaosaar.ee\/en\/wp-json\/wp\/v2\/comments?post=83"}],"version-history":[{"count":21,"href":"https:\/\/kaosaar.ee\/en\/wp-json\/wp\/v2\/pages\/83\/revisions"}],"predecessor-version":[{"id":9975,"href":"https:\/\/kaosaar.ee\/en\/wp-json\/wp\/v2\/pages\/83\/revisions\/9975"}],"wp:attachment":[{"href":"https:\/\/kaosaar.ee\/en\/wp-json\/wp\/v2\/media?parent=83"}],"curies":[{"name":"wp","href":"https:\/\/api.w.org\/{rel}","templated":true}]}}